{"id":5933,"date":"2022-10-10T20:21:14","date_gmt":"2022-10-10T14:21:14","guid":{"rendered":"https:\/\/sadarmawla.org\/dwqa-ask-question\/"},"modified":"2026-05-11T16:34:45","modified_gmt":"2026-05-11T10:34:45","slug":"dwqa-ask-question","status":"publish","type":"page","link":"https:\/\/sadarmawla.org\/en\/dwqa-ask-question\/","title":{"rendered":"DWQA Ask Question"},"content":{"rendered":"\t\t<div data-elementor-type=\"wp-page\" data-elementor-id=\"5933\" class=\"elementor elementor-5933\">\n\t\t\t\t\t\t<div class=\"elementor-inner\">\n\t\t\t\t<div class=\"elementor-section-wrap\">\n\t\t\t\t\t\t\t\t\t<section data-particle_enable=\"false\" data-particle-mobile-disabled=\"false\" class=\"elementor-section elementor-top-section elementor-element elementor-element-88a84d0 elementor-section-boxed elementor-section-height-default elementor-section-height-default\" data-id=\"88a84d0\" data-element_type=\"section\">\n\t\t\t\t\t\t<div class=\"elementor-container elementor-column-gap-default\">\n\t\t\t\t\t\t\t<div class=\"elementor-row\">\n\t\t\t\t\t<div class=\"elementor-column elementor-col-100 elementor-top-column elementor-element elementor-element-56a342f4\" data-id=\"56a342f4\" data-element_type=\"column\">\n\t\t\t<div class=\"elementor-column-wrap elementor-element-populated\">\n\t\t\t\t\t\t\t<div class=\"elementor-widget-wrap\">\n\t\t\t\t\t\t<div class=\"elementor-element elementor-element-2f745333 elementor-widget elementor-widget-text-editor\" data-id=\"2f745333\" data-element_type=\"widget\" data-widget_type=\"text-editor.default\">\n\t\t\t\t<div class=\"elementor-widget-container\">\n\t\t\t\t\t\t\t\t<div class=\"elementor-text-editor elementor-clearfix\">\n\t\t\t\tUnsere\u00a0<a href=\"https:\/\/hausarbeit-schreiben.com\/\" style=\"color: inherit; text-decoration: none;\"> hausarbeit kaufen <\/a>\u00a0unterst\u00fctzen Studentinnen und Studenten beim erfolgreichen Abschluss ihres Studiums. Hierbei handelt es sich um Autorinnen und Autoren, die selbst bereits ein Studium abgeschlossen haben und daher \u00fcber das n\u00f6tige Fachwissen verf\u00fcgen. Au\u00dferdem sind sie mit s\u00e4mtlichen Vorschriften, die bei der Erstellung einer Bachelorarbeit einzuhalten sind, bestens vertraut.\t\t\t\t\t<\/div>\n\t\t\t\t\t\t<\/div>\n\t\t\t\t<\/div>\n\t\t\t\t\t\t<\/div>\n\t\t\t\t\t<\/div>\n\t\t<\/div>\n\t\t\t\t\t\t\t\t<\/div>\n\t\t\t\t\t<\/div>\n\t\t<\/section>\n\t\t\t\t\t\t\t\t\t<\/div>\n\t\t\t<\/div>\n\t\t\t\t\t<\/div>\n\t\t","protected":false},"excerpt":{"rendered":"\t\t<div data-elementor-type=\"wp-page\" data-elementor-id=\"5933\" class=\"elementor elementor-5933\">\n\t\t\t\t\t\t<div class=\"elementor-inner\">\n\t\t\t\t<div class=\"elementor-section-wrap\">\n\t\t\t\t\t\t\t\t\t<section data-particle_enable=\"false\" data-particle-mobile-disabled=\"false\" class=\"elementor-section elementor-top-section elementor-element elementor-element-88a84d0 elementor-section-boxed elementor-section-height-default elementor-section-height-default\" data-id=\"88a84d0\" data-element_type=\"section\">\n\t\t\t\t\t\t<div class=\"elementor-container elementor-column-gap-default\">\n\t\t\t\t\t\t\t<div class=\"elementor-row\">\n\t\t\t\t\t<div class=\"elementor-column elementor-col-100 elementor-top-column elementor-element elementor-element-56a342f4\" data-id=\"56a342f4\" data-element_type=\"column\">\n\t\t\t<div class=\"elementor-column-wrap elementor-element-populated\">\n\t\t\t\t\t\t\t<div class=\"elementor-widget-wrap\">\n\t\t\t\t\t\t<div class=\"elementor-element elementor-element-2f745333 elementor-widget elementor-widget-text-editor\" data-id=\"2f745333\" data-element_type=\"widget\" data-widget_type=\"text-editor.default\">\n\t\t\t\t<div class=\"elementor-widget-container\">\n\t\t\t\t\t\t\t\t<div class=\"elementor-text-editor elementor-clearfix\">\n\t\t\t\tUnsere\u00a0<a href=\"https:\/\/hausarbeit-schreiben.com\/\" style=\"color: inherit; text-decoration: none;\"> hausarbeit kaufen <\/a>\u00a0unterst\u00fctzen Studentinnen und Studenten beim erfolgreichen Abschluss ihres Studiums. Hierbei handelt es sich um Autorinnen und Autoren, die selbst bereits ein Studium abgeschlossen haben und daher \u00fcber das n\u00f6tige Fachwissen verf\u00fcgen. Au\u00dferdem sind sie mit s\u00e4mtlichen Vorschriften, die bei der Erstellung einer Bachelorarbeit einzuhalten sind, bestens vertraut.\t\t\t\t\t<\/div>\n\t\t\t\t\t\t<\/div>\n\t\t\t\t<\/div>\n\t\t\t\t\t\t<\/div>\n\t\t\t\t\t<\/div>\n\t\t<\/div>\n\t\t\t\t\t\t\t\t<\/div>\n\t\t\t\t\t<\/div>\n\t\t<\/section>\n\t\t\t\t\t\t\t\t\t<\/div>\n\t\t\t<\/div>\n\t\t\t\t\t<\/div>\n\t\t","protected":false},"author":1,"featured_media":0,"parent":0,"menu_order":0,"comment_status":"closed","ping_status":"closed","template":"","meta":{"footnotes":""},"class_list":["post-5933","page","type-page","status-publish","hentry"],"_links":{"self":[{"href":"https:\/\/sadarmawla.org\/en\/wp-json\/wp\/v2\/pages\/5933","targetHints":{"allow":["GET"]}}],"collection":[{"href":"https:\/\/sadarmawla.org\/en\/wp-json\/wp\/v2\/pages"}],"about":[{"href":"https:\/\/sadarmawla.org\/en\/wp-json\/wp\/v2\/types\/page"}],"author":[{"embeddable":true,"href":"https:\/\/sadarmawla.org\/en\/wp-json\/wp\/v2\/users\/1"}],"replies":[{"embeddable":true,"href":"https:\/\/sadarmawla.org\/en\/wp-json\/wp\/v2\/comments?post=5933"}],"version-history":[{"count":3,"href":"https:\/\/sadarmawla.org\/en\/wp-json\/wp\/v2\/pages\/5933\/revisions"}],"predecessor-version":[{"id":27898,"href":"https:\/\/sadarmawla.org\/en\/wp-json\/wp\/v2\/pages\/5933\/revisions\/27898"}],"wp:attachment":[{"href":"https:\/\/sadarmawla.org\/en\/wp-json\/wp\/v2\/media?parent=5933"}],"curies":[{"name":"wp","href":"https:\/\/api.w.org\/{rel}","templated":true}]}}